{"id":6793,"date":"2021-07-07T11:59:40","date_gmt":"2021-07-07T14:59:40","guid":{"rendered":"https:\/\/feliz7play.com\/pt\/e\/?page_id=6793"},"modified":"2024-10-21T15:13:24","modified_gmt":"2024-10-21T18:13:24","slug":"termos-de-uso","status":"publish","type":"page","link":"https:\/\/feliz7play.com\/pt\/e\/termos-de-uso\/","title":{"rendered":"Termos de uso"},"content":{"rendered":"\t\t<div data-elementor-type=\"wp-page\" data-elementor-id=\"6793\" class=\"elementor elementor-6793\">\n\t\t\t\t\t\t\t\t\t<section class=\"elementor-section elementor-top-section elementor-element elementor-element-7420fb7 elementor-section-boxed elementor-section-height-default elementor-section-height-default\" data-id=\"7420fb7\" data-element_type=\"section\">\n\t\t\t\t\t\t<div class=\"elementor-container elementor-column-gap-default\">\n\t\t\t\t\t<div class=\"elementor-column elementor-col-100 elementor-top-column elementor-element elementor-element-772396e\" data-id=\"772396e\" data-element_type=\"column\">\n\t\t\t<div class=\"elementor-widget-wrap elementor-element-populated\">\n\t\t\t\t\t\t\t\t<div class=\"elementor-element elementor-element-a9ec6f5 elementor-widget elementor-widget-heading\" data-id=\"a9ec6f5\" data-element_type=\"widget\" data-widget_type=\"heading.default\">\n\t\t\t\t<div class=\"elementor-widget-container\">\n\t\t\t<h1 class=\"elementor-heading-title elementor-size-large\">Pol\u00edtica de Privacidade de Dados<\/h1>\t\t<\/div>\n\t\t\t\t<\/div>\n\t\t\t\t\t<\/div>\n\t\t<\/div>\n\t\t\t\t\t\t\t<\/div>\n\t\t<\/section>\n\t\t\t\t<section class=\"elementor-section elementor-top-section elementor-element elementor-element-d298be1 elementor-section-boxed elementor-section-height-default elementor-section-height-default\" data-id=\"d298be1\" data-element_type=\"section\">\n\t\t\t\t\t\t<div class=\"elementor-container elementor-column-gap-default\">\n\t\t\t\t\t<div class=\"elementor-column elementor-col-100 elementor-top-column elementor-element elementor-element-51f6605\" data-id=\"51f6605\" data-element_type=\"column\">\n\t\t\t<div class=\"elementor-widget-wrap elementor-element-populated\">\n\t\t\t\t\t\t\t\t<div class=\"elementor-element elementor-element-2d0af23 elementor-widget-divider--view-line_icon elementor-view-default elementor-widget-divider--element-align-center elementor-widget elementor-widget-divider\" data-id=\"2d0af23\" data-element_type=\"widget\" data-widget_type=\"divider.default\">\n\t\t\t\t<div class=\"elementor-widget-container\">\n\t\t\t\t\t<div class=\"elementor-divider\">\n\t\t\t<span class=\"elementor-divider-separator\">\n\t\t\t\t\t\t\t<div class=\"elementor-icon elementor-divider__element\">\n\t\t\t\t\t<svg xmlns=\"http:\/\/www.w3.org\/2000\/svg\" width=\"24\" height=\"24\" viewBox=\"0 0 24 24\"><path d=\"M12,0A12,12,0,1,0,24,12h0A12.019,12.019,0,0,0,12,0Zm7.207,7.977V8.4h0v.035h0v.035h0a.034.034,0,0,1-.035.035h0l-.035.035h0L13.19,18.892a1.236,1.236,0,0,1-1.085.63,1.426,1.426,0,0,1-.63-.175,1.257,1.257,0,0,1-.455-1.714l4.9-8.5h-7.7l1.12,1.924A1.248,1.248,0,0,1,7.207,12.35L4.933,8.606a1.247,1.247,0,0,1,.42-1.714h0c.035-.035.07-.035.14-.07a1.466,1.466,0,0,1,.525-.14H17.983a.77.77,0,0,1,.28.035h.28l.035.035h0l.035.035h0l.035.035h0l.035.035h.035l.035.035.035.035h0l.035.035h0a.349.349,0,0,1,.14.175h0L19,7.172l.035.035h0a1.175,1.175,0,0,1,.175.49h0v.14h0C19.137,7.8,19.207,7.977,19.207,7.977Z\" fill=\"#f16723\"><\/path><\/svg><\/div>\n\t\t\t\t\t\t<\/span>\n\t\t<\/div>\n\t\t\t\t<\/div>\n\t\t\t\t<\/div>\n\t\t\t\t\t<\/div>\n\t\t<\/div>\n\t\t\t\t\t\t\t<\/div>\n\t\t<\/section>\n\t\t\t\t<section class=\"elementor-section elementor-top-section elementor-element elementor-element-ee42e84 elementor-section-height-min-height elementor-section-boxed elementor-section-height-default elementor-section-items-middle\" data-id=\"ee42e84\" data-element_type=\"section\">\n\t\t\t\t\t\t<div class=\"elementor-container elementor-column-gap-default\">\n\t\t\t\t\t<div class=\"elementor-column elementor-col-100 elementor-top-column elementor-element elementor-element-46ac486\" data-id=\"46ac486\" data-element_type=\"column\">\n\t\t\t<div class=\"elementor-widget-wrap elementor-element-populated\">\n\t\t\t\t\t\t\t\t<div class=\"elementor-element elementor-element-f8e4d8a elementor-widget elementor-widget-text-editor\" data-id=\"f8e4d8a\" data-element_type=\"widget\" data-widget_type=\"text-editor.default\">\n\t\t\t\t<div class=\"elementor-widget-container\">\n\t\t\t\t\t\t\t<p style=\"text-align: justify;\">Bem vindo ao Feliz7Play! Os dados que coletamos aqui s\u00e3o exclusivamente para acesso \u00e0 plataforma, hist\u00f3rico de pesquisa, progresso de consumo e conte\u00fados favoritos. Voc\u00ea pode ter acesso \u00e0 nossa Pol\u00edtica de Privacidade no link <a href=\"https:\/\/adventistas.org\/pt\/privacidade\">adventistas.org\/pt\/privacidade<\/a> e tirar d\u00favidas ou fazer qualquer tipo de solicita\u00e7\u00f5es acerca dos seus dados pessoais no e-mail <a href=\"mailto:privacidade@adventistas.org\">privacidade@adventistas.org<\/a>.<\/p>\t\t\t\t\t\t<\/div>\n\t\t\t\t<\/div>\n\t\t\t\t\t<\/div>\n\t\t<\/div>\n\t\t\t\t\t\t\t<\/div>\n\t\t<\/section>\n\t\t\t\t\t\t\t<\/div>\n\t\t","protected":false},"excerpt":{"rendered":"<p>Pol\u00edtica de Privacidade de Dados Bem vindo ao Feliz7Play! Os dados que coletamos aqui s\u00e3o exclusivamente para acesso \u00e0 plataforma, hist\u00f3rico de pesquisa, progresso de consumo e conte\u00fados favoritos. Voc\u00ea pode ter acesso \u00e0 nossa Pol\u00edtica de Privacidade no link adventistas.org\/pt\/privacidade e tirar d\u00favidas ou fazer qualquer tipo de solicita\u00e7\u00f5es acerca dos seus dados pessoais [&hellip;]<\/p>\n","protected":false},"author":1,"featured_media":0,"parent":0,"menu_order":0,"comment_status":"closed","ping_status":"closed","template":"","meta":{"inline_featured_image":false},"acf":[],"_links":{"self":[{"href":"https:\/\/feliz7play.com\/pt\/e\/wp-json\/wp\/v2\/pages\/6793"}],"collection":[{"href":"https:\/\/feliz7play.com\/pt\/e\/wp-json\/wp\/v2\/pages"}],"about":[{"href":"https:\/\/feliz7play.com\/pt\/e\/wp-json\/wp\/v2\/types\/page"}],"author":[{"embeddable":true,"href":"https:\/\/feliz7play.com\/pt\/e\/wp-json\/wp\/v2\/users\/1"}],"replies":[{"embeddable":true,"href":"https:\/\/feliz7play.com\/pt\/e\/wp-json\/wp\/v2\/comments?post=6793"}],"version-history":[{"count":24,"href":"https:\/\/feliz7play.com\/pt\/e\/wp-json\/wp\/v2\/pages\/6793\/revisions"}],"predecessor-version":[{"id":10958,"href":"https:\/\/feliz7play.com\/pt\/e\/wp-json\/wp\/v2\/pages\/6793\/revisions\/10958"}],"wp:attachment":[{"href":"https:\/\/feliz7play.com\/pt\/e\/wp-json\/wp\/v2\/media?parent=6793"}],"curies":[{"name":"wp","href":"https:\/\/api.w.org\/{rel}","templated":true}]}}