{"id":6145,"date":"2021-07-12T16:44:32","date_gmt":"2021-07-12T19:44:32","guid":{"rendered":"https:\/\/feliz7play.com\/es\/e\/?page_id=6145"},"modified":"2021-07-12T16:48:27","modified_gmt":"2021-07-12T19:48:27","slug":"quienes-somos","status":"publish","type":"page","link":"https:\/\/feliz7play.com\/es\/e\/quienes-somos\/","title":{"rendered":"Quienes Somos"},"content":{"rendered":"\t\t<div data-elementor-type=\"wp-page\" data-elementor-id=\"6145\" class=\"elementor elementor-6145\">\n\t\t\t\t\t\t\t\t\t<section class=\"elementor-section elementor-top-section elementor-element elementor-element-2f11fa5a elementor-section-height-full elementor-section-boxed elementor-section-height-default elementor-section-items-middle\" data-id=\"2f11fa5a\" data-element_type=\"section\">\n\t\t\t\t\t\t<div class=\"elementor-container elementor-column-gap-default\">\n\t\t\t\t\t<div class=\"elementor-column elementor-col-100 elementor-top-column elementor-element elementor-element-6c9def19\" data-id=\"6c9def19\" data-element_type=\"column\">\n\t\t\t<div class=\"elementor-widget-wrap elementor-element-populated\">\n\t\t\t\t\t\t\t\t<div class=\"elementor-element elementor-element-27a2e09c elementor-widget elementor-widget-heading\" data-id=\"27a2e09c\" data-element_type=\"widget\" data-widget_type=\"heading.default\">\n\t\t\t\t<div class=\"elementor-widget-container\">\n\t\t\t<h1 class=\"elementor-heading-title elementor-size-xl\">Quienes Somos<\/h1>\t\t<\/div>\n\t\t\t\t<\/div>\n\t\t\t\t<div class=\"elementor-element elementor-element-4d88a18a elementor-widget elementor-widget-text-editor\" data-id=\"4d88a18a\" data-element_type=\"widget\" data-widget_type=\"text-editor.default\">\n\t\t\t\t<div class=\"elementor-widget-container\">\n\t\t\t\t\t\t\t<p id=\"tw-target-text\" class=\"tw-data-text tw-ta tw-text-small\" dir=\"ltr\"><span lang=\"es\"><span style=\"color: #ff9900;\">Feliz7Play<\/span> &#8211;\u00a0 Es una iniciativa de la Iglesia Adventista del S\u00e9ptimo D\u00eda en Sudam\u00e9rica y su objetivo es reunir las diferentes tipos de producciones audiovisuales adventistas en un solo lugar, para ser accesible a todo p\u00fablico y as\u00ed disfrutar, conocer los v\u00eddeos educativos y cristianos para todas las edades.<\/span><\/p><p class=\"tw-data-text tw-ta tw-text-small\" dir=\"ltr\"><span lang=\"es\">Para conocer m\u00e1s ingresa a:\u00a0<span style=\"color: #ff9900;\"><a style=\"color: #ff9900;\" href=\"http:\/\/www.adventistas.org\/\">adventistas.org<\/a><\/span><\/span><\/p><p class=\"tw-data-text tw-ta tw-text-small\" dir=\"ltr\"><span lang=\"es\">Para encontrar una Iglesia Adventista cerca de ti ingresa a:\u00a0<span style=\"color: #ff9900;\"><a style=\"color: #ff9900;\" href=\"http:\/\/iglesias.adventistas.org\/\">iglesias.adventistas.org<\/a><\/span><\/span><\/p><p class=\"tw-data-text tw-ta tw-text-small\" dir=\"ltr\"><span lang=\"es\">Conoce tambi\u00e9n la TV y Radio Nuevo Tiempo en:\u00a0<span style=\"color: #ff9900;\"><a style=\"color: #ff9900;\" href=\"http:\/\/nuevotiempo.org\/\">nuevotiempo.org<\/a><\/span><\/span><\/p>\t\t\t\t\t\t<\/div>\n\t\t\t\t<\/div>\n\t\t\t\t\t<\/div>\n\t\t<\/div>\n\t\t\t\t\t\t\t<\/div>\n\t\t<\/section>\n\t\t\t\t\t\t\t<\/div>\n\t\t","protected":false},"excerpt":{"rendered":"<p>Quienes Somos Feliz7Play &#8211;\u00a0 Es una iniciativa de la Iglesia Adventista del S\u00e9ptimo D\u00eda en Sudam\u00e9rica y su objetivo es reunir las diferentes tipos de producciones audiovisuales adventistas en un solo lugar, para ser accesible a todo p\u00fablico y as\u00ed disfrutar, conocer los v\u00eddeos educativos y cristianos para todas las edades. Para conocer m\u00e1s ingresa [&hellip;]<\/p>\n","protected":false},"author":1,"featured_media":0,"parent":0,"menu_order":0,"comment_status":"closed","ping_status":"closed","template":"","meta":{"inline_featured_image":false},"acf":[],"_links":{"self":[{"href":"https:\/\/feliz7play.com\/es\/e\/wp-json\/wp\/v2\/pages\/6145"}],"collection":[{"href":"https:\/\/feliz7play.com\/es\/e\/wp-json\/wp\/v2\/pages"}],"about":[{"href":"https:\/\/feliz7play.com\/es\/e\/wp-json\/wp\/v2\/types\/page"}],"author":[{"embeddable":true,"href":"https:\/\/feliz7play.com\/es\/e\/wp-json\/wp\/v2\/users\/1"}],"replies":[{"embeddable":true,"href":"https:\/\/feliz7play.com\/es\/e\/wp-json\/wp\/v2\/comments?post=6145"}],"version-history":[{"count":2,"href":"https:\/\/feliz7play.com\/es\/e\/wp-json\/wp\/v2\/pages\/6145\/revisions"}],"predecessor-version":[{"id":6149,"href":"https:\/\/feliz7play.com\/es\/e\/wp-json\/wp\/v2\/pages\/6145\/revisions\/6149"}],"wp:attachment":[{"href":"https:\/\/feliz7play.com\/es\/e\/wp-json\/wp\/v2\/media?parent=6145"}],"curies":[{"name":"wp","href":"https:\/\/api.w.org\/{rel}","templated":true}]}}